{"id":86,"date":"2020-07-14T16:56:37","date_gmt":"2020-07-14T16:56:37","guid":{"rendered":"https:\/\/ceragem.jh-it.com\/?page_id=86"},"modified":"2020-07-14T17:02:22","modified_gmt":"2020-07-14T17:02:22","slug":"firmenueberblick","status":"publish","type":"page","link":"https:\/\/ceragem-nuernberg.de\/?page_id=86","title":{"rendered":"Firmen\u00fcberblick"},"content":{"rendered":"\n<p>Die Firma CERAGEM wurde 1998 in Korea gegr\u00fcndet. Sie hat zuerst mit dem Marketing-Slogan \u201ekostenlose Massage\u201c auf dem Markt Aufsehen erregt.<\/p>\n\n\n\n<p>Nach und nach wurden die&nbsp;CERAGEM Massageliegen schnell an Bekanntheit gewonnen. Schon damals wurde die Liege als \u201eWunderliegen\u201c bezeichnet. Aus diesen Gr\u00fcnden expandierte die Firma schnell und hat bereits \u00fcber 3000 Filialen in der ganzen Welt.<\/p>\n\n\n\n<p>Im Laufe von insgesamt \u00fcber 20 Jahren entwickelte sich das CERAGEM Unternehmen als ein f\u00fchrender Vertreter seines Bereichs.<\/p>\n\n\n\n<p>Hier bieten wir Ihnen Information \u00fcber die s\u00fcdkoreanische Firma CERAGEM Co. LTD und ihrer einzigartigen Technik.<\/p>\n\n\n\n<p>Die Apparatur von CERAGEM ist die harmonische Zusammensetzung&nbsp; der technischen Entwicklung mit den ber\u00fchmten Methoden von West- und Ost- Alternativmedizin. Bei der Nutzung der Technik von CERAGEM aktivieren Sie die inneren Kr\u00e4fte ihres K\u00f6rpers und er\u00f6ffnen f\u00fcr sich eine neue Qualit\u00e4t des Lebens \u2013 t\u00e4gliche Kontrolle und St\u00e4rkung des Gesundheitszustandes, Prophylaxe der Krankheiten-Entstehung und Langlebigkeit.<\/p>\n\n\n\n<p><strong>Seit der Gr\u00fcndung und bis zu den heutigen Tagen besingt das CERAGEM Unternehmen die Rolle der Gesundheit in der ganzen Welt.<\/strong><\/p>\n\n\n\n<h2 class=\"has-text-align-center wp-block-heading\"><strong>EIN TRAUM NUR EIN SCHRITT ENTFERNT VON IHNEN<\/strong><\/h2>\n\n\n\n<figure class=\"wp-block-image size-full piccenter\"><img decoding=\"async\" src=\"https:\/\/ceragem.jh-it.com\/wp-content\/uploads\/2020\/07\/img01.jpg\" alt=\"Dokumentation und Statistik \u00fcber Ceragem\"\/><\/figure>\n\n\n\n<p>In\u00a0 \u00fcber 70 L\u00e4ndern der Welt wirken mehr als 3000 Demonstrationszentren von CERAGEM, wo jeder die unikale Produktion f\u00fcr die Gesundheit ausprobieren kann.<\/p>\n\n\n\n<h2 class=\"wp-block-heading\"><strong>Globales Netz von CERAGEM\u00a0<\/strong><\/h2>\n\n\n\n<div class=\"wp-block-media-text alignwide is-stacked-on-mobile\"><figure class=\"wp-block-media-text__media\"><img fetchpriority=\"high\" decoding=\"async\" width=\"624\" height=\"363\" src=\"https:\/\/ceragem.jh-it.com\/wp-content\/uploads\/2020\/07\/01ffds.jpg\" alt=\"\" class=\"wp-image-95\" srcset=\"https:\/\/ceragem-nuernberg.de\/wp-content\/uploads\/2020\/07\/01ffds.jpg 624w, https:\/\/ceragem-nuernberg.de\/wp-content\/uploads\/2020\/07\/01ffds-300x175.jpg 300w, https:\/\/ceragem-nuernberg.de\/wp-content\/uploads\/2020\/07\/01ffds-416x242.jpg 416w\" sizes=\"(max-width: 624px) 100vw, 624px\" \/><\/figure><div class=\"wp-block-media-text__content\">\n<p><strong>Europa:<\/strong>&nbsp;Deutschland, Gro\u00dfbritannien, Litauen, Slowakei, Slowenien, \u00d6sterreich, Tschechien, Serbien, Ungarn, Italien, Makedonien, Albanien, Kosovo, Polen, Schweiz, Rum\u00e4nien, Frankreich, Kroatien, Irland, Griechenland, Spanien, T\u00fcrkei<\/p>\n\n\n\n<p><strong>Amerika:<\/strong>&nbsp;USA, Kanada, Brasilien, Chile, Argentinien, Bolivien, Kostarika, Kolumbien, Ekuador, Peru, Mexiko, Venezuela, Dominikanische Republik, Guatemala<\/p>\n\n\n\n<p><strong>GUS:<\/strong>&nbsp;Russland, Ukraine, Kasachstan, Aserbaidschan, Moldawien<\/p>\n\n\n\n<p><strong>Der nahe Osten und Afrika:&nbsp;<\/strong>Israel, \u00c4gypten, Ghana, \u00c4thiopien, Republik S\u00fcdafrika, Simbabwe, Tansania, Kenia, Uganda, Botswana, Marokko&nbsp;<strong><\/strong><\/p>\n<\/div><\/div>\n\n\n\n<p>Die Produktion von CERAGEM ist als beste unter den Analogen anerkannt und ihre Qualit\u00e4t und Verl\u00e4sslichkeit ist durch zahlreiche Diplome, Preise der internationalen Ausstellungen der ganzen Welt und tausenden dankbaren Kundenrezensionen belegt.<\/p>\n\n\n\n<figure class=\"wp-block-image size-large piccenter\"><img decoding=\"async\" width=\"300\" height=\"100\" src=\"https:\/\/ceragem.jh-it.com\/wp-content\/uploads\/2020\/07\/002-300x100-1.jpg\" alt=\"\" class=\"wp-image-96\" title=\"002\"\/><\/figure>\n\n\n\n<h2 class=\"wp-block-heading\"><strong>DIE INTERNATIONALE DACHGESELLSCHAFT CERAGEM BEINHALTET 5 TOCHTERGESELLSCHAFTEN<\/strong><\/h2>\n\n\n\n<p><strong>CERAGEM MEDYSIS:&nbsp;<\/strong>Herstellung kompakter Ger\u00e4te zur Messung der Blutwerte<\/p>\n\n\n\n<p><strong>CERAGEM CELLUPEDIC:<\/strong>Herstellung moderner orthop\u00e4discher Matratzen in Luxus-Qualit\u00e4t<\/p>\n\n\n\n<p><strong>CERAGEM LOHAS:&nbsp;<\/strong>Herstellung der Ware f\u00fcr die Apparatkosmetologie und Figurenkorrektur<\/p>\n\n\n\n<p><strong>CERAGEM BIOSYS:&nbsp;<\/strong>Herstellung der Systeme f\u00fcr Zahnprothetik<\/p>\n\n\n\n<p><strong>CERAGEM H&amp;B:\u00a0<\/strong>Herstellung von 5 Reihen der organischen Kosmetik<\/p>\n\n\n\n<h3 class=\"wp-block-heading\"><strong>DIE GLOBALISIERUNG DER FORSCHUNGEN UND NEUENTWICKLUNGEN \u2013 WIR WERDEN ZUM LEITER DES WELTMARKT<\/strong><\/h3>\n\n\n\n<p><strong>Das Forschungszentrum, das im Jahr 2001 mit dem Ziel zur Verbesserung der Technologien des s\u00fcdkoreanisches Bewegungstherapie-Ger\u00e4ts entwickelt wurde, setzt auch die weiteren Untersuchungen und Verfeinerungen des individuellen Apparates mit dem ergonomischen Design fort. Mit dem Wachstum an materiellen G\u00fctern schenkt die Menschheit dem gesunden Leben und der Langlebigkeit immer mehr Aufmerksamkeit \u2013 so, arbeitet CERAGEM unerm\u00fcdlich an den Forschungen solcher Produkte, mit deren Hilfe Menschen ihre Gesundheit komfortabel und in der h\u00e4uslichen Umgebung reparieren k\u00f6nnen und die in diesem Zusammenhang erforderlich sein werden!<\/strong><\/p>\n\n\n\n<h3 class=\"wp-block-heading\"><strong>ORGANISATION DER TECHNISCHEN ZUSAMMENARBEIT\/ FORSCHUNGSPERSONAL<\/strong><\/h3>\n\n\n\n<figure class=\"wp-block-image size-large piccenter\"><img decoding=\"async\" width=\"751\" height=\"123\" src=\"https:\/\/ceragem.jh-it.com\/wp-content\/uploads\/2020\/07\/img17.jpg\" alt=\"\" class=\"wp-image-97\" title=\"img17\" srcset=\"https:\/\/ceragem-nuernberg.de\/wp-content\/uploads\/2020\/07\/img17.jpg 751w, https:\/\/ceragem-nuernberg.de\/wp-content\/uploads\/2020\/07\/img17-300x49.jpg 300w, https:\/\/ceragem-nuernberg.de\/wp-content\/uploads\/2020\/07\/img17-416x68.jpg 416w\" sizes=\"(max-width: 751px) 100vw, 751px\" \/><\/figure>\n\n\n\n<p>Mit dem Ziel, die einzigartigen Technologien sicherzustellen, wurde die maximale Arbeit in der Forschung geleistet, weswegen das Unternehmen einen Vorteil gegn\u00fcber der Konkurrenz bekommen hat und einen neuen Weltmarkt formte. Das CERAGEM-Unternehmen, das in der Republik Korea eine zentrale Position im Bereich der bewegungstherapeutischen Technik besetzt, entwickelte neue Technologien und Produkte f\u00fcr die ganze Menschheit und ist sowohl auf dem Innenmarkt als auch auf dem Au\u00dfenmarkt mit seiner innovativen Technik, die die internationale Anerkennung bereits gewonnen hat, \u00e4u\u00dferst konkurrenzf\u00e4hig. Das Forschungszentrum, das auf dem Konkurrenzmarkt mit seinen fortlaufenden Innovationen verdienterma\u00dfen dominiert, spielt dabei eine tragende Rolle.<\/p>\n\n\n\n<p>M\u00f6chten Sie mehr \u00fcber die therapeutische Wirkung der CERAGEM Produktion erfahren? Besuchen Sie das CERAGEM Demonstrationszentrum! Da haben Sie die M\u00f6glichkeit, unsere Produkte pers\u00f6nlich zu testen und sich selbst von ihrer Qualit\u00e4t, Effektivit\u00e4t, Notwendigkeit und ihrem Design zu \u00fcberzeugen.<\/p>\n\n\n\n<p>Das CERAGEM Unternehmen arbeitet unerm\u00fcdlich an der st\u00e4ndigen Verbesserung des Kundendienstes, damit jeder Besucher des Demonstrationszentrums sich sicher und komfortabel f\u00fchlen kann.<\/p>\n","protected":false},"excerpt":{"rendered":"<p>Die Firma CERAGEM wurde 1998 in Korea gegr\u00fcndet. Sie hat zuerst mit dem Marketing-Slogan \u201ekostenlose Massage\u201c auf dem Markt Aufsehen erregt. Nach und nach wurden die&nbsp;CERAGEM Massageliegen schnell an Bekanntheit gewonnen. Schon damals wurde die Liege als \u201eWunderliegen\u201c bezeichnet. Aus diesen Gr\u00fcnden expandierte die Firma schnell und hat bereits \u00fcber 3000 Filialen in der ganzen [&hellip;]<\/p>\n","protected":false},"author":1,"featured_media":0,"parent":0,"menu_order":0,"comment_status":"closed","ping_status":"closed","template":"","meta":{"_eb_attr":"","footnotes":""},"class_list":["post-86","page","type-page","status-publish","hentry"],"jetpack_sharing_enabled":true,"_links":{"self":[{"href":"https:\/\/ceragem-nuernberg.de\/index.php?rest_route=\/wp\/v2\/pages\/86","targetHints":{"allow":["GET"]}}],"collection":[{"href":"https:\/\/ceragem-nuernberg.de\/index.php?rest_route=\/wp\/v2\/pages"}],"about":[{"href":"https:\/\/ceragem-nuernberg.de\/index.php?rest_route=\/wp\/v2\/types\/page"}],"author":[{"embeddable":true,"href":"https:\/\/ceragem-nuernberg.de\/index.php?rest_route=\/wp\/v2\/users\/1"}],"replies":[{"embeddable":true,"href":"https:\/\/ceragem-nuernberg.de\/index.php?rest_route=%2Fwp%2Fv2%2Fcomments&post=86"}],"version-history":[{"count":4,"href":"https:\/\/ceragem-nuernberg.de\/index.php?rest_route=\/wp\/v2\/pages\/86\/revisions"}],"predecessor-version":[{"id":98,"href":"https:\/\/ceragem-nuernberg.de\/index.php?rest_route=\/wp\/v2\/pages\/86\/revisions\/98"}],"wp:attachment":[{"href":"https:\/\/ceragem-nuernberg.de\/index.php?rest_route=%2Fwp%2Fv2%2Fmedia&parent=86"}],"curies":[{"name":"wp","href":"https:\/\/api.w.org\/{rel}","templated":true}]}}