{"id":20,"date":"2020-07-06T14:39:34","date_gmt":"2020-07-06T14:39:34","guid":{"rendered":"https:\/\/ceragem.jh-it.com\/?page_id=20"},"modified":"2025-03-12T12:59:49","modified_gmt":"2025-03-12T12:59:49","slug":"impressum","status":"publish","type":"page","link":"https:\/\/ceragem-nuernberg.de\/?page_id=20","title":{"rendered":"Impressum"},"content":{"rendered":"\n<p><\/p>\n\n\n\n<p>Gesetzliche Anbieterkennung:<\/p>\n\n\n\n<p>Eduard Obholz<br>CERAGEM N\u00fcrnberg<br>Schweinauer Hauptstr., 99<br>90441 N\u00fcrnberg<br>Deutschland<br>Telefon: 09114746513<br>Telefax: 09114746624<br>E-Mail: info@ceragem-nuernberg.de<\/p>\n\n\n\n<p>USt-IdNr.: 72105635895<\/p>\n\n\n\n<p>Gesetzliche Berufsbezeichnung: Handel mit Massageliegen und Kleinger\u00e4ten (verliehen in Deutschland )<\/p>\n\n\n\n<p>zust\u00e4ndige Aufsichtsbeh\u00f6rde<\/p>\n\n\n\n<p>Strasse, Hausnummer:<br>Postleitzahl:<br>Stadt:<br>Telefon:<br>Telefax:<\/p>\n\n\n\n<p>zust\u00e4ndige Kammer<\/p>\n\n\n\n<p>Strasse, Hausnummer:<br>Postleitzahl:<br>Stadt:<br>Telefon:<br>Telefax:<\/p>\n\n\n\n<p>berufsrechtliche Regelungen:<br>Link zu den berufsrechtlichen Regelungen:<\/p>\n\n\n\n<p>Aufgrund des Kleinunternehmerstatus wird gem\u00e4\u00df \u00a7 19 UStG die MwSt. in der Rechnung nicht ausgewiesen.<\/p>\n\n\n\n<p>Alternative Streitbeilegung:<br>Die Europ\u00e4ische Kommission stellt eine Plattform f\u00fcr die au\u00dfergerichtliche Online-Streitbeilegung (OS-Plattform) bereit, aufrufbar unter https:\/\/ec.europa.eu\/odr (https:\/\/ec.europa.eu\/consumers\/odr).<\/p>\n\n\n\n<p>Wir sind nicht bereit und nicht verpflichtet, an Streitbeilegungsverfahren vor Verbraucherschlichtungsstellen teilzunehmen.<\/p>\n\n\n\n<p>Wir sind seit 13.02.2018 Mitglied der Initiative &#8222;FairCommerce&#8220;.<br>N\u00e4here Informationen hierzu finden Sie unter www.haendlerbund.de\/faircommerce (https:\/\/www.haendlerbund.de\/de\/haendlerbund\/interessenvertretung\/faircommerce).<\/p>\n","protected":false},"excerpt":{"rendered":"<p>Gesetzliche Anbieterkennung: Eduard ObholzCERAGEM N\u00fcrnbergSchweinauer Hauptstr., 9990441 N\u00fcrnbergDeutschlandTelefon: 09114746513Telefax: 09114746624E-Mail: info@ceragem-nuernberg.de USt-IdNr.: 72105635895 Gesetzliche Berufsbezeichnung: Handel mit Massageliegen und Kleinger\u00e4ten (verliehen in Deutschland ) zust\u00e4ndige Aufsichtsbeh\u00f6rde Strasse, Hausnummer:Postleitzahl:Stadt:Telefon:Telefax: zust\u00e4ndige Kammer Strasse, Hausnummer:Postleitzahl:Stadt:Telefon:Telefax: berufsrechtliche Regelungen:Link zu den berufsrechtlichen Regelungen: Aufgrund des Kleinunternehmerstatus wird gem\u00e4\u00df \u00a7 19 UStG die MwSt. in der Rechnung nicht ausgewiesen. Alternative Streitbeilegung:Die [&hellip;]<\/p>\n","protected":false},"author":1,"featured_media":0,"parent":0,"menu_order":0,"comment_status":"closed","ping_status":"closed","template":"","meta":{"_eb_attr":"","footnotes":""},"class_list":["post-20","page","type-page","status-publish","hentry"],"jetpack_sharing_enabled":true,"_links":{"self":[{"href":"https:\/\/ceragem-nuernberg.de\/index.php?rest_route=\/wp\/v2\/pages\/20","targetHints":{"allow":["GET"]}}],"collection":[{"href":"https:\/\/ceragem-nuernberg.de\/index.php?rest_route=\/wp\/v2\/pages"}],"about":[{"href":"https:\/\/ceragem-nuernberg.de\/index.php?rest_route=\/wp\/v2\/types\/page"}],"author":[{"embeddable":true,"href":"https:\/\/ceragem-nuernberg.de\/index.php?rest_route=\/wp\/v2\/users\/1"}],"replies":[{"embeddable":true,"href":"https:\/\/ceragem-nuernberg.de\/index.php?rest_route=%2Fwp%2Fv2%2Fcomments&post=20"}],"version-history":[{"count":4,"href":"https:\/\/ceragem-nuernberg.de\/index.php?rest_route=\/wp\/v2\/pages\/20\/revisions"}],"predecessor-version":[{"id":932,"href":"https:\/\/ceragem-nuernberg.de\/index.php?rest_route=\/wp\/v2\/pages\/20\/revisions\/932"}],"wp:attachment":[{"href":"https:\/\/ceragem-nuernberg.de\/index.php?rest_route=%2Fwp%2Fv2%2Fmedia&parent=20"}],"curies":[{"name":"wp","href":"https:\/\/api.w.org\/{rel}","templated":true}]}}