{"id":136,"date":"2020-07-16T09:16:28","date_gmt":"2020-07-16T09:16:28","guid":{"rendered":"https:\/\/ceragem.jh-it.com\/?page_id=136"},"modified":"2025-12-04T10:53:42","modified_gmt":"2025-12-04T10:53:42","slug":"verleih","status":"publish","type":"page","link":"https:\/\/ceragem-nuernberg.de\/?page_id=136","title":{"rendered":"Verleih"},"content":{"rendered":"\n<h5 class=\"wp-block-heading\">Mehr Service f\u00fcr Sie. ECHOM (Experience CERAGEM at Home : Erleben Sie CERAGEM zu Hause)<\/h5>\n\n\n\n<ul class=\"wp-block-list\">\n<li>Finden Sie keine CERAGEM-Filiale in Ihrer N\u00e4he?<\/li>\n\n\n\n<li>Ihre Arbeitszeiten lassen es nicht zu, die Liege w\u00e4hrend der \u00d6ffnungszeiten im Center zu testen?<\/li>\n\n\n\n<li>Sie w\u00fcrden die CERAGEM Therapie-Liege am liebsten zu Hause testen?<\/li>\n<\/ul>\n\n\n<div class=\"wp-block-image\">\n<figure class=\"aligncenter size-large\"><img decoding=\"async\" src=\"https:\/\/ceragem-nuernberg.de\/wp-content\/uploads\/2020\/07\/ceragem_zuhause-293x300-1.png\" alt=\"\"\/><\/figure>\n<\/div>\n\n\n<p><strong>WIR HABEN DIE L\u00d6SUNG!<\/strong><br><strong>SIE HOLEN DIE CERAGEM Liege ZUM TESTEN ZU IHNEN NACH HAUSE!<\/strong> (gegen eine Geb\u00fchr)<\/p>\n\n\n\n<p><strong>IHRE VORTEILE:<\/strong><\/p>\n\n\n\n<ul class=\"wp-block-list\">\n<li>Sie w\u00e4hlen Ihre eigene Therapiezeit \u2013 wann und wie lange Sie wollen<\/li>\n\n\n\n<li>Sie genie\u00dfen Ihre Therapie unabh\u00e4ngig von Wochenenden und Feiertagen<\/li>\n\n\n\n<li>Sie entspannen bei Ihrer Anwendung ganz ohne Zeitdruck und Stress<\/li>\n\n\n\n<li>Sie werden eine schnelle Verbesserung Ihrer Beschwerden feststellen k\u00f6nnen<\/li>\n\n\n\n<li>Sie k\u00f6nnen die Therapie-Liege mit Ihrer ganzen Familie nutzen<\/li>\n<\/ul>\n\n\n\n<p>TEST-GEB\u00dcHREN: ab ca. 10,\u20ac pro Tag. <\/p>\n\n\n\n<ul class=\"wp-block-list\">\n<li><strong>NEUGER\u00c4T V4 &#8211; AUSLEIHEN- 300,-EUR\/Monat<\/strong>   (beim Kaufwunsch wird die Geb\u00fchr f\u00fcr 1 Monat angerechnet und Sie k\u00f6nnen die Liege gleich behalten)<\/li>\n\n\n\n<li>Z<strong>US\u00c4TZLICH M\u00dcSSEN SIE MIT EINER KAUTION  RECHNEN, <\/strong>( die Sie selbstverst\u00e4ndlich zur\u00fcck, oder angerechnet bekommen)  <\/li>\n<\/ul>\n\n\n\n<p><strong><em>Melden Sie sich bei uns, um einen Termin auszumachen!<\/em><\/strong><\/p>\n\n\n\n<p><em style=\"\"><b>Telefon: \u00a00911\/4746513\u00a0 \u00a0 \u00a0 \u00a0 \u00a0 \u00a0 \u00a0 \u00a0 \u00a0 <\/b><\/em><em> <\/em><\/p>\n\n\n\n<p><strong><em>Mobil: &nbsp; &nbsp;0162\/4125237&nbsp;&nbsp;<\/em><\/strong>                       Immer erreichbar. <\/p>\n\n\n\n<p><strong>Email:&nbsp;<a href=\"mailto:info%40ceragem-nuernberg.de?subject=Email.%20&amp;body=%C3%9Cbermittlung%20vom%20Strato.\">info@ceragem-nuernberg.de<\/a><\/strong><\/p>\n\n\n\n<p><strong><em>Ansprechpartner Herr Eduard Obholz<\/em><\/strong><\/p>\n\n\n\n<p><\/p>\n","protected":false},"excerpt":{"rendered":"<p>Mehr Service f\u00fcr Sie. ECHOM (Experience CERAGEM at Home : Erleben Sie CERAGEM zu Hause) WIR HABEN DIE L\u00d6SUNG!SIE HOLEN DIE CERAGEM Liege ZUM TESTEN ZU IHNEN NACH HAUSE! (gegen eine Geb\u00fchr) IHRE VORTEILE: TEST-GEB\u00dcHREN: ab ca. 10,\u20ac pro Tag. Melden Sie sich bei uns, um einen Termin auszumachen! Telefon: \u00a00911\/4746513\u00a0 \u00a0 \u00a0 \u00a0 \u00a0 [&hellip;]<\/p>\n","protected":false},"author":1,"featured_media":0,"parent":0,"menu_order":0,"comment_status":"closed","ping_status":"closed","template":"","meta":{"_eb_attr":"","footnotes":""},"class_list":["post-136","page","type-page","status-publish","hentry"],"jetpack_sharing_enabled":true,"_links":{"self":[{"href":"https:\/\/ceragem-nuernberg.de\/index.php?rest_route=\/wp\/v2\/pages\/136","targetHints":{"allow":["GET"]}}],"collection":[{"href":"https:\/\/ceragem-nuernberg.de\/index.php?rest_route=\/wp\/v2\/pages"}],"about":[{"href":"https:\/\/ceragem-nuernberg.de\/index.php?rest_route=\/wp\/v2\/types\/page"}],"author":[{"embeddable":true,"href":"https:\/\/ceragem-nuernberg.de\/index.php?rest_route=\/wp\/v2\/users\/1"}],"replies":[{"embeddable":true,"href":"https:\/\/ceragem-nuernberg.de\/index.php?rest_route=%2Fwp%2Fv2%2Fcomments&post=136"}],"version-history":[{"count":13,"href":"https:\/\/ceragem-nuernberg.de\/index.php?rest_route=\/wp\/v2\/pages\/136\/revisions"}],"predecessor-version":[{"id":1085,"href":"https:\/\/ceragem-nuernberg.de\/index.php?rest_route=\/wp\/v2\/pages\/136\/revisions\/1085"}],"wp:attachment":[{"href":"https:\/\/ceragem-nuernberg.de\/index.php?rest_route=%2Fwp%2Fv2%2Fmedia&parent=136"}],"curies":[{"name":"wp","href":"https:\/\/api.w.org\/{rel}","templated":true}]}}