{"id":1099,"date":"2025-12-22T19:27:16","date_gmt":"2025-12-22T19:27:16","guid":{"rendered":"https:\/\/ceragem-nuernberg.de\/?page_id=1099"},"modified":"2025-12-22T19:27:16","modified_gmt":"2025-12-22T19:27:16","slug":"kontakt-oeffnungszeiten","status":"publish","type":"page","link":"https:\/\/ceragem-nuernberg.de\/?page_id=1099","title":{"rendered":"Kontakt &amp; \u00d6ffnungszeiten"},"content":{"rendered":"\n<div class=\"wp-block-columns is-layout-flex wp-container-core-columns-is-layout-28f84493 wp-block-columns-is-layout-flex\">\n<div class=\"wp-block-column is-layout-flow wp-block-column-is-layout-flow\" style=\"flex-basis:33.33%\">\n<p><\/p>\n\n\n\n<p><\/p>\n\n\n\n<h3 class=\"wp-block-heading\">Wir sind f\u00fcr Sie da.<\/h3>\n\n\n\n<p><strong><em>Schweinauer Hauptstra\u00dfe 99<\/em><\/strong><br>90441 N\u00fcrnberg<\/p>\n\n\n\n<p><em><strong><a href=\"mailto:info@ceragem-nuernberg.de\">info@ceragem-nuernberg.de<\/a><\/strong><\/em><br>+49 911 \/ 4746513<br>+49 162 \/ 4125237<\/p>\n\n\n\n<p><strong>Fax<br><\/strong>+49 911 \/ 4746624<\/p>\n\n\n\n<p><strong>\u00d6ffnungszeiten&nbsp;<\/strong><\/p>\n\n\n\n<p><span class=\"has-inline-color has-luminous-vivid-orange-color\"><strong>Bitte Termine telefonisch vereinbaren.<\/strong><\/span> 0162 \/ 4125237<\/p>\n\n\n\n<p>Gesch\u00e4ftsinhaber Eduard Obholz.<\/p>\n<\/div>\n\n\n\n<div class=\"wp-block-column is-layout-flow wp-block-column-is-layout-flow\" style=\"flex-basis:66.66%\"><div class=\"wp-block-jetpack-contact-form is-layout-flex wp-container-jetpack-contact-form-is-layout-2b4208ba wp-block-jetpack-contact-form-is-layout-flex\"><a href=\"https:\/\/ceragem-nuernberg.de\/?page_id=1099\" target=\"_blank\" rel=\"noopener noreferrer\">Formular einreichen.<\/a><\/div><\/div>\n<\/div>\n","protected":false},"excerpt":{"rendered":"<p>Wir sind f\u00fcr Sie da. Schweinauer Hauptstra\u00dfe 9990441 N\u00fcrnberg info@ceragem-nuernberg.de+49 911 \/ 4746513+49 162 \/ 4125237 Fax+49 911 \/ 4746624 \u00d6ffnungszeiten&nbsp; Bitte Termine telefonisch vereinbaren. 0162 \/ 4125237 Gesch\u00e4ftsinhaber Eduard Obholz.<\/p>\n","protected":false},"author":1,"featured_media":0,"parent":0,"menu_order":0,"comment_status":"closed","ping_status":"closed","template":"","meta":{"_eb_attr":"","footnotes":""},"class_list":["post-1099","page","type-page","status-publish","hentry"],"jetpack_sharing_enabled":true,"_links":{"self":[{"href":"https:\/\/ceragem-nuernberg.de\/index.php?rest_route=\/wp\/v2\/pages\/1099","targetHints":{"allow":["GET"]}}],"collection":[{"href":"https:\/\/ceragem-nuernberg.de\/index.php?rest_route=\/wp\/v2\/pages"}],"about":[{"href":"https:\/\/ceragem-nuernberg.de\/index.php?rest_route=\/wp\/v2\/types\/page"}],"author":[{"embeddable":true,"href":"https:\/\/ceragem-nuernberg.de\/index.php?rest_route=\/wp\/v2\/users\/1"}],"replies":[{"embeddable":true,"href":"https:\/\/ceragem-nuernberg.de\/index.php?rest_route=%2Fwp%2Fv2%2Fcomments&post=1099"}],"version-history":[{"count":1,"href":"https:\/\/ceragem-nuernberg.de\/index.php?rest_route=\/wp\/v2\/pages\/1099\/revisions"}],"predecessor-version":[{"id":1100,"href":"https:\/\/ceragem-nuernberg.de\/index.php?rest_route=\/wp\/v2\/pages\/1099\/revisions\/1100"}],"wp:attachment":[{"href":"https:\/\/ceragem-nuernberg.de\/index.php?rest_route=%2Fwp%2Fv2%2Fmedia&parent=1099"}],"curies":[{"name":"wp","href":"https:\/\/api.w.org\/{rel}","templated":true}]}}